{"id":17909,"date":"2025-09-29T16:52:18","date_gmt":"2025-09-29T14:52:18","guid":{"rendered":"https:\/\/www.spoel-id.com\/collectie\/niet-gecategoriseerd\/frama-eiffel-vloerlamp\/"},"modified":"2025-09-29T16:52:24","modified_gmt":"2025-09-29T14:52:24","slug":"frama-eiffel-vloerlamp","status":"publish","type":"product","link":"https:\/\/www.spoel-id.com\/en\/collectie\/geen-categorie\/frama-eiffel-vloerlamp\/","title":{"rendered":"Frama \u2013 Eiffel floor lamp"},"content":{"rendered":"<p>The Eiffel floor lamp is a natural evolution of the series designed by Kr\u00f8yer-S\u00e6tter-L\u00e6ssen, where the shape is grounded with a natural stone base. The softly diffused light is dimmable, making the atmosphere good everywhere; next to the bed, in the hallway or in the living room.<\/p>","protected":false},"excerpt":{"rendered":"<p>The Eiffel floor lamp is a natural evolution of the series designed by Kr\u00f8yer-S\u00e6tter-L\u00e6ssen, where the shape is grounded with a natural stone base. The softly diffused light is dimmable, making the atmosphere good everywhere; next to the bed, in the hallway or in the living room.<\/p>","protected":false},"featured_media":5177,"template":"","meta":[],"product_brand":[175],"product_cat":[34],"product_tag":[],"class_list":{"0":"post-17909","1":"product","2":"type-product","3":"status-publish","4":"has-post-thumbnail","6":"product_brand-frama","7":"product_cat-geen-categorie","8":"pa_afmetingen-h-113-7-w-18-5-d-18-5-cm","9":"pa_categorie-verlichting","10":"pa_categorie-type-vloerlampen","11":"pa_kleur-stainless-steel-gunmetal-steel-cream","12":"pa_merk-frama","13":"description-off","15":"first","16":"instock","17":"product-type-simple"},"_links":{"self":[{"href":"https:\/\/www.spoel-id.com\/en\/wp-json\/wp\/v2\/product\/17909","targetHints":{"allow":["GET"]}}],"collection":[{"href":"https:\/\/www.spoel-id.com\/en\/wp-json\/wp\/v2\/product"}],"about":[{"href":"https:\/\/www.spoel-id.com\/en\/wp-json\/wp\/v2\/types\/product"}],"wp:featuredmedia":[{"embeddable":true,"href":"https:\/\/www.spoel-id.com\/en\/wp-json\/wp\/v2\/media\/5177"}],"wp:attachment":[{"href":"https:\/\/www.spoel-id.com\/en\/wp-json\/wp\/v2\/media?parent=17909"}],"wp:term":[{"taxonomy":"product_brand","embeddable":true,"href":"https:\/\/www.spoel-id.com\/en\/wp-json\/wp\/v2\/product_brand?post=17909"},{"taxonomy":"product_cat","embeddable":true,"href":"https:\/\/www.spoel-id.com\/en\/wp-json\/wp\/v2\/product_cat?post=17909"},{"taxonomy":"product_tag","embeddable":true,"href":"https:\/\/www.spoel-id.com\/en\/wp-json\/wp\/v2\/product_tag?post=17909"}],"curies":[{"name":"wp","href":"https:\/\/api.w.org\/{rel}","templated":true}]}}