{"id":18390,"date":"2025-10-07T11:40:50","date_gmt":"2025-10-07T09:40:50","guid":{"rendered":"https:\/\/www.spoel-id.com\/collectie\/niet-gecategoriseerd\/pholc-turner-50-65\/"},"modified":"2025-10-07T11:40:54","modified_gmt":"2025-10-07T09:40:54","slug":"pholc-turner-50-65","status":"publish","type":"product","link":"https:\/\/www.spoel-id.com\/en\/collectie\/geen-categorie\/pholc-turner-50-65\/","title":{"rendered":"Pholc &#8211; Turner 50\/65"},"content":{"rendered":"<p>Pendant lamp Turner is a beautiful pendant lamp with a classic, Scandinavian lighting philosophy with minimalist geometric shapes and delicate white shades, but with an exciting, dynamic touch. The beautiful design was created by Broberg &amp; Ridderstr\u00e5le, inspired by the circulation of plants and the geometry of astronomy. Intersecting lines dominate the surface of the lamp, causing light and shadow to dance across the surface and bathing the room in a soft, inviting glow.<\/p>\n<p>Turner fits into both modern and classic homes. The beautiful light and dynamic shape will look particularly beautiful in a prominent place above the dining table, in the living room or in the hallway, where the functional and atmospheric design illuminates every corner.<\/p>","protected":false},"excerpt":{"rendered":"<p>Hanglamp Turner is een prachtige hanglamp met een klassieke, Scandinavische lichtfilosofie met minimalistische geometrische vormen en delicate witte schermen, maar met een spannende, dynamische touch. Het prachtige ontwerp werd gecre\u00eberd door Broberg &#038; Ridderstr\u00e5le, ge\u00efnspireerd door de circulatie in planten en de geometrie van de astronomie. Kruisende lijnen domineren het oppervlak van de lamp, waardoor&hellip;<\/p>","protected":false},"featured_media":4397,"template":"","meta":[],"product_brand":[181],"product_cat":[34],"product_tag":[],"class_list":{"0":"post-18390","1":"product","2":"type-product","3":"status-publish","4":"has-post-thumbnail","6":"product_brand-pholc","7":"product_cat-geen-categorie","8":"pa_afmetingen-d65-cd65-cm-h65-cm-w65-cmm-h65-cm-w65-cm","9":"pa_categorie-verlichting","10":"pa_categorie-type-hanglampen","11":"pa_kleur-cocoon","12":"pa_merk-pholc","13":"description-off","15":"first","16":"instock","17":"product-type-simple"},"_links":{"self":[{"href":"https:\/\/www.spoel-id.com\/en\/wp-json\/wp\/v2\/product\/18390","targetHints":{"allow":["GET"]}}],"collection":[{"href":"https:\/\/www.spoel-id.com\/en\/wp-json\/wp\/v2\/product"}],"about":[{"href":"https:\/\/www.spoel-id.com\/en\/wp-json\/wp\/v2\/types\/product"}],"wp:featuredmedia":[{"embeddable":true,"href":"https:\/\/www.spoel-id.com\/en\/wp-json\/wp\/v2\/media\/4397"}],"wp:attachment":[{"href":"https:\/\/www.spoel-id.com\/en\/wp-json\/wp\/v2\/media?parent=18390"}],"wp:term":[{"taxonomy":"product_brand","embeddable":true,"href":"https:\/\/www.spoel-id.com\/en\/wp-json\/wp\/v2\/product_brand?post=18390"},{"taxonomy":"product_cat","embeddable":true,"href":"https:\/\/www.spoel-id.com\/en\/wp-json\/wp\/v2\/product_cat?post=18390"},{"taxonomy":"product_tag","embeddable":true,"href":"https:\/\/www.spoel-id.com\/en\/wp-json\/wp\/v2\/product_tag?post=18390"}],"curies":[{"name":"wp","href":"https:\/\/api.w.org\/{rel}","templated":true}]}}