{"id":18913,"date":"2025-10-13T13:28:34","date_gmt":"2025-10-13T11:28:34","guid":{"rendered":"https:\/\/www.spoel-id.com\/collectie\/niet-gecategoriseerd\/santa-cole-cestita-bateria-tafellamp\/"},"modified":"2025-10-13T13:28:35","modified_gmt":"2025-10-13T11:28:35","slug":"santa-cole-cestita-bateria-tafellamp","status":"publish","type":"product","link":"https:\/\/www.spoel-id.com\/en\/collectie\/geen-categorie\/santa-cole-cestita-bateria-tafellamp\/","title":{"rendered":"Santa &#038; Cole &#8211; Cestita Bater\u00eda Tafellamp"},"content":{"rendered":"<p>Cestita Bater\u00eda, een draadloze, draagbare versie, is een lantaarn die overal een sfeer van plezier cre\u00ebert; met Chinese schaduwen in de tuin, die vanuit elke hoek of op een tafel licht uitstralen. De oplaadbare lamp, de perfecte balans tussen technologie en vakmanschap, biedt twee lichtintensiteiten.<\/p>","protected":false},"excerpt":{"rendered":"<p>Cestita Bater\u00eda, een draadloze, draagbare versie, is een lantaarn die overal een sfeer van plezier cre\u00ebert; met Chinese schaduwen in de tuin, die vanuit elke hoek of op een tafel licht uitstralen. De oplaadbare lamp, de perfecte balans tussen technologie en vakmanschap, biedt twee lichtintensiteiten.<\/p>","protected":false},"featured_media":9213,"template":"","meta":[],"product_brand":[1829],"product_cat":[34],"product_tag":[],"class_list":{"0":"post-18913","1":"product","2":"type-product","3":"status-publish","4":"has-post-thumbnail","6":"product_brand-santacole","7":"product_cat-geen-categorie","8":"pa_afmetingen-h36cm-b22cm","9":"pa_categorie-verlichting","10":"pa_categorie-type-tafellampen","11":"pa_kleur-cherry-wood-structure-white-opal-glass-or-white-opal-polyehtylene-lampshade","12":"pa_merk-santa-cole","13":"description-off","15":"first","16":"instock","17":"product-type-simple"},"_links":{"self":[{"href":"https:\/\/www.spoel-id.com\/en\/wp-json\/wp\/v2\/product\/18913","targetHints":{"allow":["GET"]}}],"collection":[{"href":"https:\/\/www.spoel-id.com\/en\/wp-json\/wp\/v2\/product"}],"about":[{"href":"https:\/\/www.spoel-id.com\/en\/wp-json\/wp\/v2\/types\/product"}],"wp:featuredmedia":[{"embeddable":true,"href":"https:\/\/www.spoel-id.com\/en\/wp-json\/wp\/v2\/media\/9213"}],"wp:attachment":[{"href":"https:\/\/www.spoel-id.com\/en\/wp-json\/wp\/v2\/media?parent=18913"}],"wp:term":[{"taxonomy":"product_brand","embeddable":true,"href":"https:\/\/www.spoel-id.com\/en\/wp-json\/wp\/v2\/product_brand?post=18913"},{"taxonomy":"product_cat","embeddable":true,"href":"https:\/\/www.spoel-id.com\/en\/wp-json\/wp\/v2\/product_cat?post=18913"},{"taxonomy":"product_tag","embeddable":true,"href":"https:\/\/www.spoel-id.com\/en\/wp-json\/wp\/v2\/product_tag?post=18913"}],"curies":[{"name":"wp","href":"https:\/\/api.w.org\/{rel}","templated":true}]}}