{"id":18953,"date":"2025-10-13T13:28:51","date_gmt":"2025-10-13T11:28:51","guid":{"rendered":"https:\/\/www.spoel-id.com\/collectie\/niet-gecategoriseerd\/santa-cole-lamina-dorada-45-hanglamp\/"},"modified":"2025-10-13T13:28:52","modified_gmt":"2025-10-13T11:28:52","slug":"santa-cole-lamina-dorada-45-hanglamp","status":"publish","type":"product","link":"https:\/\/www.spoel-id.com\/en\/collectie\/geen-categorie\/santa-cole-lamina-dorada-45-hanglamp\/","title":{"rendered":"Santa &#038; Cole &#8211; L\u00e1mina Dorada 45 Hanglamp"},"content":{"rendered":"<p>Een lichtlijn en een dunne metalen plaat cre\u00ebren een zachte maar effectieve lichtheid. L\u00e1mina is een huwelijk tussen het po\u00ebtische en het praktische en is een systeem dat de voordelen van gereflecteerd licht handhaaft door voor de hand liggende vormen in verschillende formaten en met verschillende tinten te gebruiken die niets verbergen en alles laten zien.<\/p>","protected":false},"excerpt":{"rendered":"<p>Een lichtlijn en een dunne metalen plaat cre\u00ebren een zachte maar effectieve lichtheid. L\u00e1mina is een huwelijk tussen het po\u00ebtische en het praktische en is een systeem dat de voordelen van gereflecteerd licht handhaaft door voor de hand liggende vormen in verschillende formaten en met verschillende tinten te gebruiken die niets verbergen en alles laten&hellip;<\/p>","protected":false},"featured_media":9250,"template":"","meta":[],"product_brand":[1829],"product_cat":[34],"product_tag":[],"class_list":{"0":"post-18953","1":"product","2":"type-product","3":"status-publish","4":"has-post-thumbnail","6":"product_brand-santacole","7":"product_cat-geen-categorie","8":"pa_afmetingen-h9cm-b587-l198cm","9":"pa_categorie-verlichting","10":"pa_categorie-type-hanglampen","11":"pa_kleur-metallic-flat-shade-with-gold-finish-black-metal-structure-with-matte-finish","12":"pa_merk-santa-cole","13":"description-off","15":"first","16":"instock","17":"product-type-simple"},"_links":{"self":[{"href":"https:\/\/www.spoel-id.com\/en\/wp-json\/wp\/v2\/product\/18953","targetHints":{"allow":["GET"]}}],"collection":[{"href":"https:\/\/www.spoel-id.com\/en\/wp-json\/wp\/v2\/product"}],"about":[{"href":"https:\/\/www.spoel-id.com\/en\/wp-json\/wp\/v2\/types\/product"}],"wp:featuredmedia":[{"embeddable":true,"href":"https:\/\/www.spoel-id.com\/en\/wp-json\/wp\/v2\/media\/9250"}],"wp:attachment":[{"href":"https:\/\/www.spoel-id.com\/en\/wp-json\/wp\/v2\/media?parent=18953"}],"wp:term":[{"taxonomy":"product_brand","embeddable":true,"href":"https:\/\/www.spoel-id.com\/en\/wp-json\/wp\/v2\/product_brand?post=18953"},{"taxonomy":"product_cat","embeddable":true,"href":"https:\/\/www.spoel-id.com\/en\/wp-json\/wp\/v2\/product_cat?post=18953"},{"taxonomy":"product_tag","embeddable":true,"href":"https:\/\/www.spoel-id.com\/en\/wp-json\/wp\/v2\/product_tag?post=18953"}],"curies":[{"name":"wp","href":"https:\/\/api.w.org\/{rel}","templated":true}]}}