{"id":18964,"date":"2025-10-13T13:28:51","date_gmt":"2025-10-13T11:28:51","guid":{"rendered":"https:\/\/www.spoel-id.com\/collectie\/niet-gecategoriseerd\/santa-cole-moare-hanglamp\/"},"modified":"2025-10-13T13:28:56","modified_gmt":"2025-10-13T11:28:56","slug":"santa-cole-moare-hanglamp","status":"publish","type":"product","link":"https:\/\/www.spoel-id.com\/en\/collectie\/geen-categorie\/santa-cole-moare-hanglamp\/","title":{"rendered":"Santa &#038; Cole &#8211; Moar\u00e9 Hanglamp"},"content":{"rendered":"<p>De meerdere combinaties van formaten en kleuren van Moar\u00e9 maken het zeer veelzijdig. De serie ontleent zijn naam aan het Moir\u00e9-effect, een asymmetrische optische illusie van water, geproduceerd door de over elkaar heen geplaatste texturen tegen het licht. En de goed geproportioneerde uiterlijke geometrie garandeert dat zijn persoonlijkheid behouden blijft, ongeacht de gekozen optie.<\/p>","protected":false},"excerpt":{"rendered":"<p>De meerdere combinaties van formaten en kleuren van Moar\u00e9 maken het zeer veelzijdig. De serie ontleent zijn naam aan het Moir\u00e9-effect, een asymmetrische optische illusie van water, geproduceerd door de over elkaar heen geplaatste texturen tegen het licht. En de goed geproportioneerde uiterlijke geometrie garandeert dat zijn persoonlijkheid behouden blijft, ongeacht de gekozen optie.<\/p>","protected":false},"featured_media":9255,"template":"","meta":[],"product_brand":[1829],"product_cat":[34],"product_tag":[],"class_list":{"0":"post-18964","1":"product","2":"type-product","3":"status-publish","4":"has-post-thumbnail","6":"product_brand-santacole","7":"product_cat-geen-categorie","8":"pa_afmetingen-diverse-afmetingen","9":"pa_categorie-verlichting","10":"pa_categorie-type-hanglampen","11":"pa_kleur-two-superimposed-cylindrical-polyester-lampshades-with-a-range-of-sizes-and-colours-white-red-grey-and-black-numerous-combinations-are-possible-aluminium-structure-with-graphite-black-finish-a","12":"pa_merk-santa-cole","13":"description-off","15":"first","16":"instock","17":"product-type-simple"},"_links":{"self":[{"href":"https:\/\/www.spoel-id.com\/en\/wp-json\/wp\/v2\/product\/18964","targetHints":{"allow":["GET"]}}],"collection":[{"href":"https:\/\/www.spoel-id.com\/en\/wp-json\/wp\/v2\/product"}],"about":[{"href":"https:\/\/www.spoel-id.com\/en\/wp-json\/wp\/v2\/types\/product"}],"wp:featuredmedia":[{"embeddable":true,"href":"https:\/\/www.spoel-id.com\/en\/wp-json\/wp\/v2\/media\/9255"}],"wp:attachment":[{"href":"https:\/\/www.spoel-id.com\/en\/wp-json\/wp\/v2\/media?parent=18964"}],"wp:term":[{"taxonomy":"product_brand","embeddable":true,"href":"https:\/\/www.spoel-id.com\/en\/wp-json\/wp\/v2\/product_brand?post=18964"},{"taxonomy":"product_cat","embeddable":true,"href":"https:\/\/www.spoel-id.com\/en\/wp-json\/wp\/v2\/product_cat?post=18964"},{"taxonomy":"product_tag","embeddable":true,"href":"https:\/\/www.spoel-id.com\/en\/wp-json\/wp\/v2\/product_tag?post=18964"}],"curies":[{"name":"wp","href":"https:\/\/api.w.org\/{rel}","templated":true}]}}