{"id":18995,"date":"2025-10-13T13:29:12","date_gmt":"2025-10-13T11:29:12","guid":{"rendered":"https:\/\/www.spoel-id.com\/collectie\/niet-gecategoriseerd\/santa-cole-tripode-vloerlamp\/"},"modified":"2025-10-13T13:29:15","modified_gmt":"2025-10-13T11:29:15","slug":"santa-cole-tripode-vloerlamp","status":"publish","type":"product","link":"https:\/\/www.spoel-id.com\/en\/collectie\/geen-categorie\/santa-cole-tripode-vloerlamp\/","title":{"rendered":"Santa &#038; Cole &#8211; Tr\u00edpode Vloerlamp"},"content":{"rendered":"<p>Tr\u00edpode humaniseert neutrale ruimtes met zijn kleurrijke en functionele soberheid. Elk van de kleuropties is met de hand omwikkeld: naturel, rood-amber en zwart; de Raw Colour terracotta, groen en mosterd, evenals de Diplom\u00e1tica en Bretona gestippelde tinten van J\u00falia Esqu\u00e9. Ingeschakeld geeft hij een karakteristiek, warm licht, rijk aan nuances. Uitgeschakeld is het een kleine volumetrische sculptuur die uitnodigt tot onmiddellijk gebruik.<\/p>","protected":false},"excerpt":{"rendered":"<p>Tr\u00edpode humaniseert neutrale ruimtes met zijn kleurrijke en functionele soberheid. Elk van de kleuropties is met de hand omwikkeld: naturel, rood-amber en zwart; de Raw Colour terracotta, groen en mosterd, evenals de Diplom\u00e1tica en Bretona gestippelde tinten van J\u00falia Esqu\u00e9. Ingeschakeld geeft hij een karakteristiek, warm licht, rijk aan nuances. Uitgeschakeld is het een kleine&hellip;<\/p>","protected":false},"featured_media":9229,"template":"","meta":[],"product_brand":[1829],"product_cat":[34],"product_tag":[],"class_list":{"0":"post-18995","1":"product","2":"type-product","3":"status-publish","4":"has-post-thumbnail","6":"product_brand-santacole","7":"product_cat-geen-categorie","8":"pa_afmetingen-h168cm-o62cm","9":"pa_categorie-verlichting","10":"pa_categorie-type-vloerlampen","11":"pa_kleur-black-metal-structure-natural-red-amber-black-diplomatica-striped-or-bretona-striped-ribbon-lampshade-or-tile-mustard-or-green-raw-color-ribbon","12":"pa_merk-santa-cole","13":"description-off","15":"first","16":"instock","17":"product-type-simple"},"_links":{"self":[{"href":"https:\/\/www.spoel-id.com\/en\/wp-json\/wp\/v2\/product\/18995","targetHints":{"allow":["GET"]}}],"collection":[{"href":"https:\/\/www.spoel-id.com\/en\/wp-json\/wp\/v2\/product"}],"about":[{"href":"https:\/\/www.spoel-id.com\/en\/wp-json\/wp\/v2\/types\/product"}],"wp:featuredmedia":[{"embeddable":true,"href":"https:\/\/www.spoel-id.com\/en\/wp-json\/wp\/v2\/media\/9229"}],"wp:attachment":[{"href":"https:\/\/www.spoel-id.com\/en\/wp-json\/wp\/v2\/media?parent=18995"}],"wp:term":[{"taxonomy":"product_brand","embeddable":true,"href":"https:\/\/www.spoel-id.com\/en\/wp-json\/wp\/v2\/product_brand?post=18995"},{"taxonomy":"product_cat","embeddable":true,"href":"https:\/\/www.spoel-id.com\/en\/wp-json\/wp\/v2\/product_cat?post=18995"},{"taxonomy":"product_tag","embeddable":true,"href":"https:\/\/www.spoel-id.com\/en\/wp-json\/wp\/v2\/product_tag?post=18995"}],"curies":[{"name":"wp","href":"https:\/\/api.w.org\/{rel}","templated":true}]}}