{"id":21761,"date":"2025-11-06T15:32:58","date_gmt":"2025-11-06T14:32:58","guid":{"rendered":"https:\/\/www.spoel-id.com\/collectie\/niet-gecategoriseerd\/serax-earth-tafellamp-05\/"},"modified":"2025-11-06T15:33:00","modified_gmt":"2025-11-06T14:33:00","slug":"serax-earth-tafellamp-05","status":"publish","type":"product","link":"https:\/\/www.spoel-id.com\/en\/collectie\/geen-categorie\/serax-earth-tafellamp-05\/","title":{"rendered":"Serax &#8211; Earth tafellamp 05"},"content":{"rendered":"<p>Resident designer Marie Michielssen vult haar succesvolle Earth lighting aan met twee grotere versies van haar tafellampen. Zoals altijd cre\u00ebert het papier-mach\u00e9 materiaal een po\u00ebtische sfeer en balanceren deze vloerlampen op de fijne lijn tussen kunst en design.<\/p>","protected":false},"excerpt":{"rendered":"<p>Resident designer Marie Michielssen vult haar succesvolle Earth lighting aan met twee grotere versies van haar tafellampen. Zoals altijd cre\u00ebert het papier-mach\u00e9 materiaal een po\u00ebtische sfeer en balanceren deze vloerlampen op de fijne lijn tussen kunst en design.<\/p>","protected":false},"featured_media":9387,"template":"","meta":[],"product_brand":[184],"product_cat":[34],"product_tag":[],"class_list":{"0":"post-21761","1":"product","2":"type-product","3":"status-publish","4":"has-post-thumbnail","6":"product_brand-serax","7":"product_cat-geen-categorie","8":"pa_afmetingen-m-41x29x25-cm-l-70x50x7-cm","9":"pa_categorie-verlichting","10":"pa_categorie-type-tafellampen","11":"pa_kleur-white","12":"pa_merk-serax","13":"description-off","15":"first","16":"instock","17":"product-type-simple"},"_links":{"self":[{"href":"https:\/\/www.spoel-id.com\/en\/wp-json\/wp\/v2\/product\/21761","targetHints":{"allow":["GET"]}}],"collection":[{"href":"https:\/\/www.spoel-id.com\/en\/wp-json\/wp\/v2\/product"}],"about":[{"href":"https:\/\/www.spoel-id.com\/en\/wp-json\/wp\/v2\/types\/product"}],"wp:featuredmedia":[{"embeddable":true,"href":"https:\/\/www.spoel-id.com\/en\/wp-json\/wp\/v2\/media\/9387"}],"wp:attachment":[{"href":"https:\/\/www.spoel-id.com\/en\/wp-json\/wp\/v2\/media?parent=21761"}],"wp:term":[{"taxonomy":"product_brand","embeddable":true,"href":"https:\/\/www.spoel-id.com\/en\/wp-json\/wp\/v2\/product_brand?post=21761"},{"taxonomy":"product_cat","embeddable":true,"href":"https:\/\/www.spoel-id.com\/en\/wp-json\/wp\/v2\/product_cat?post=21761"},{"taxonomy":"product_tag","embeddable":true,"href":"https:\/\/www.spoel-id.com\/en\/wp-json\/wp\/v2\/product_tag?post=21761"}],"curies":[{"name":"wp","href":"https:\/\/api.w.org\/{rel}","templated":true}]}}